{"id":12380,"date":"2024-03-29T14:08:47","date_gmt":"2024-03-29T13:08:47","guid":{"rendered":"https:\/\/olympicfruit.com\/berries\/"},"modified":"2024-06-12T10:20:35","modified_gmt":"2024-06-12T08:20:35","slug":"berries","status":"publish","type":"page","link":"https:\/\/olympicfruit.com\/es\/berries\/","title":{"rendered":"Berries"},"content":{"rendered":"\t\t<div data-elementor-type=\"wp-page\" data-elementor-id=\"12380\" class=\"elementor elementor-12380 elementor-7986\" data-elementor-post-type=\"page\">\n\t\t\t\t<div class=\"elementor-element elementor-element-090d0a4 e-flex e-con-boxed e-con e-parent\" data-id=\"090d0a4\" data-element_type=\"container\" data-e-type=\"container\" data-settings=\"{&quot;background_background&quot;:&quot;classic&quot;,&quot;animation&quot;:&quot;none&quot;,&quot;jet_parallax_layout_list&quot;:[]}\">\n\t\t\t\t\t<div class=\"e-con-inner\">\n\t\t<div class=\"elementor-element elementor-element-e23803e e-con-full e-flex e-con e-child\" data-id=\"e23803e\" data-element_type=\"container\" data-e-type=\"container\" data-settings=\"{&quot;background_background&quot;:&quot;classic&quot;,&quot;jet_parallax_layout_list&quot;:[]}\">\n\t\t\t\t<div class=\"elementor-element elementor-element-39b12da elementor-widget__width-inherit elementor-widget elementor-widget-heading\" data-id=\"39b12da\" data-element_type=\"widget\" data-e-type=\"widget\" data-widget_type=\"heading.default\">\n\t\t\t\t<div class=\"elementor-widget-container\">\n\t\t\t\t\t<h1 class=\"elementor-heading-title elementor-size-default\">Berries<\/h1>\t\t\t\t<\/div>\n\t\t\t\t<\/div>\n\t\t<div class=\"elementor-element elementor-element-3cb4e9c e-con-full e-flex e-con e-child\" data-id=\"3cb4e9c\" data-element_type=\"container\" data-e-type=\"container\" data-settings=\"{&quot;jet_parallax_layout_list&quot;:[]}\">\n\t\t\t\t<div class=\"elementor-element elementor-element-cb20d99 elementor-widget-tablet__width-inherit elementor-widget elementor-widget-text-editor\" data-id=\"cb20d99\" data-element_type=\"widget\" data-e-type=\"widget\" data-widget_type=\"text-editor.default\">\n\t\t\t\t<div class=\"elementor-widget-container\">\n\t\t\t\t\t\t\t\t\t<p>En los \u00faltimos a\u00f1os, la demanda por berries ha crecido much\u00edsimo. Las fresas y frutillas siguen siendo muy populares, cada vez m\u00e1s fuera de la \u00e9poca tradicional. Tampoco se puede prescindir de los ar\u00e1ndanos, muy apreciados por su sabor dulce y sus beneficios para la salud.<\/p>\n\t\t\t\t\t\t\t\t<\/div>\n\t\t\t\t<\/div>\n\t\t\t\t<\/div>\n\t\t<div class=\"elementor-element elementor-element-7a014f1 e-con-full e-flex e-con e-child\" data-id=\"7a014f1\" data-element_type=\"container\" data-e-type=\"container\" data-settings=\"{&quot;jet_parallax_layout_list&quot;:[]}\">\n\t\t\t\t<div class=\"elementor-element elementor-element-817c7e6 elementor-widget__width-initial elementor-widget-tablet__width-inherit elementor-widget elementor-widget-text-editor\" data-id=\"817c7e6\" data-element_type=\"widget\" data-e-type=\"widget\" data-widget_type=\"text-editor.default\">\n\t\t\t\t<div class=\"elementor-widget-container\">\n\t\t\t\t\t\t\t\t\t<p>En los \u00faltimos a\u00f1os, en Olympic Fruit cada vez apostamos m\u00e1s por los berries. Nos hemos asociado con productores con los mismos est\u00e1ndares de calidad que nosotros. Esto es un motivo de orgullo. Pero lo m\u00e1s importante a\u00fan, podemos suministrar berries de la mejor calidad durante todo el a\u00f1o.<\/p>\n\t\t\t\t\t\t\t\t<\/div>\n\t\t\t\t<\/div>\n\t\t\t\t<\/div>\n\t\t\t\t<\/div>\n\t\t\t\t\t<\/div>\n\t\t\t\t<\/div>\n\t\t<div class=\"elementor-element elementor-element-f0acbfb e-flex e-con-boxed e-con e-parent\" data-id=\"f0acbfb\" data-element_type=\"container\" data-e-type=\"container\" data-settings=\"{&quot;background_background&quot;:&quot;classic&quot;,&quot;jet_parallax_layout_list&quot;:[]}\">\n\t\t\t\t\t<div class=\"e-con-inner\">\n\t\t\t\t\t<\/div>\n\t\t\t\t<\/div>\n\t\t<div class=\"elementor-element elementor-element-fce04aa e-flex e-con-boxed e-con e-parent\" data-id=\"fce04aa\" data-element_type=\"container\" data-e-type=\"container\" data-settings=\"{&quot;jet_parallax_layout_list&quot;:[],&quot;shape_divider_top&quot;:&quot;arrow&quot;,&quot;background_background&quot;:&quot;classic&quot;}\">\n\t\t\t\t\t<div class=\"e-con-inner\">\n\t\t\t\t<div class=\"elementor-shape elementor-shape-top\" aria-hidden=\"true\" data-negative=\"false\">\n\t\t\t<svg xmlns=\"http:\/\/www.w3.org\/2000\/svg\" viewBox=\"0 0 700 10\" preserveAspectRatio=\"none\">\n\t<path class=\"elementor-shape-fill\" d=\"M350,10L340,0h20L350,10z\"\/>\n<\/svg>\t\t<\/div>\n\t\t<a class=\"elementor-element elementor-element-10bf9d6 e-con-full e-flex e-con e-child\" data-id=\"10bf9d6\" data-element_type=\"container\" data-e-type=\"container\" data-settings=\"{&quot;jet_parallax_layout_list&quot;:[]}\" href=\"https:\/\/olympicfruit.com\/fruit\/strawberries\/\">\n\t\t\t\t<div class=\"elementor-element elementor-element-da110c6 e-transform elementor-widget-tablet__width-initial elementor-widget elementor-widget-image\" data-id=\"da110c6\" data-element_type=\"widget\" data-e-type=\"widget\" data-settings=\"{&quot;_transform_scale_effect_hover&quot;:{&quot;unit&quot;:&quot;px&quot;,&quot;size&quot;:1.1,&quot;sizes&quot;:[]},&quot;_transform_scale_effect_hover_tablet&quot;:{&quot;unit&quot;:&quot;px&quot;,&quot;size&quot;:1.1,&quot;sizes&quot;:[]},&quot;_transform_scale_effect_hover_mobile&quot;:{&quot;unit&quot;:&quot;px&quot;,&quot;size&quot;:&quot;&quot;,&quot;sizes&quot;:[]}}\" data-widget_type=\"image.default\">\n\t\t\t\t<div class=\"elementor-widget-container\">\n\t\t\t\t\t\t\t\t\t\t\t\t\t\t\t<img decoding=\"async\" src=\"https:\/\/olympicfruit.com\/wp-content\/uploads\/2024\/02\/aardbei.png\" title=\"aardbei\" alt=\"aardbei\" loading=\"lazy\" \/>\t\t\t\t\t\t\t\t\t\t\t\t\t\t\t<\/div>\n\t\t\t\t<\/div>\n\t\t\t\t<div class=\"elementor-element elementor-element-876df49 elementor-widget elementor-widget-heading\" data-id=\"876df49\" data-element_type=\"widget\" data-e-type=\"widget\" data-widget_type=\"heading.default\">\n\t\t\t\t<div class=\"elementor-widget-container\">\n\t\t\t\t\t<h3 class=\"elementor-heading-title elementor-size-default\">Las fresas<\/h3>\t\t\t\t<\/div>\n\t\t\t\t<\/div>\n\t\t\t\t<\/a>\n\t\t<a class=\"elementor-element elementor-element-f0e9f1f e-con-full e-flex e-con e-child\" data-id=\"f0e9f1f\" data-element_type=\"container\" data-e-type=\"container\" data-settings=\"{&quot;jet_parallax_layout_list&quot;:[]}\" href=\"https:\/\/olympicfruit.com\/fruit\/raspberries\/\">\n\t\t\t\t<div class=\"elementor-element elementor-element-e5a7093 e-transform elementor-widget-tablet__width-initial elementor-widget elementor-widget-image\" data-id=\"e5a7093\" data-element_type=\"widget\" data-e-type=\"widget\" data-settings=\"{&quot;_transform_scale_effect_hover&quot;:{&quot;unit&quot;:&quot;px&quot;,&quot;size&quot;:1.1,&quot;sizes&quot;:[]},&quot;_transform_scale_effect_hover_tablet&quot;:{&quot;unit&quot;:&quot;px&quot;,&quot;size&quot;:1.1,&quot;sizes&quot;:[]},&quot;_transform_scale_effect_hover_mobile&quot;:{&quot;unit&quot;:&quot;px&quot;,&quot;size&quot;:&quot;&quot;,&quot;sizes&quot;:[]}}\" data-widget_type=\"image.default\">\n\t\t\t\t<div class=\"elementor-widget-container\">\n\t\t\t\t\t\t\t\t\t\t\t\t\t\t\t<img decoding=\"async\" src=\"https:\/\/olympicfruit.com\/wp-content\/uploads\/2024\/02\/framboos.png\" title=\"framboos\" alt=\"framboos\" loading=\"lazy\" \/>\t\t\t\t\t\t\t\t\t\t\t\t\t\t\t<\/div>\n\t\t\t\t<\/div>\n\t\t\t\t<div class=\"elementor-element elementor-element-e6a0c3e elementor-widget elementor-widget-heading\" data-id=\"e6a0c3e\" data-element_type=\"widget\" data-e-type=\"widget\" data-widget_type=\"heading.default\">\n\t\t\t\t<div class=\"elementor-widget-container\">\n\t\t\t\t\t<h3 class=\"elementor-heading-title elementor-size-default\">Frambuesas<\/h3>\t\t\t\t<\/div>\n\t\t\t\t<\/div>\n\t\t\t\t<\/a>\n\t\t<a class=\"elementor-element elementor-element-8fd7009 e-con-full e-flex e-con e-child\" data-id=\"8fd7009\" data-element_type=\"container\" data-e-type=\"container\" data-settings=\"{&quot;jet_parallax_layout_list&quot;:[]}\" href=\"https:\/\/olympicfruit.com\/fruit\/blackberries\/\">\n\t\t\t\t<div class=\"elementor-element elementor-element-43e06bd e-transform elementor-widget-tablet__width-initial elementor-widget elementor-widget-image\" data-id=\"43e06bd\" data-element_type=\"widget\" data-e-type=\"widget\" data-settings=\"{&quot;_transform_scale_effect_hover&quot;:{&quot;unit&quot;:&quot;px&quot;,&quot;size&quot;:1.1,&quot;sizes&quot;:[]},&quot;_transform_scale_effect_hover_tablet&quot;:{&quot;unit&quot;:&quot;px&quot;,&quot;size&quot;:1.1,&quot;sizes&quot;:[]},&quot;_transform_scale_effect_hover_mobile&quot;:{&quot;unit&quot;:&quot;px&quot;,&quot;size&quot;:&quot;&quot;,&quot;sizes&quot;:[]}}\" data-widget_type=\"image.default\">\n\t\t\t\t<div class=\"elementor-widget-container\">\n\t\t\t\t\t\t\t\t\t\t\t\t\t\t\t<img decoding=\"async\" src=\"https:\/\/olympicfruit.com\/wp-content\/uploads\/2024\/02\/braam.png\" title=\"braam\" alt=\"braam\" loading=\"lazy\" \/>\t\t\t\t\t\t\t\t\t\t\t\t\t\t\t<\/div>\n\t\t\t\t<\/div>\n\t\t\t\t<div class=\"elementor-element elementor-element-bbe5cce elementor-widget elementor-widget-heading\" data-id=\"bbe5cce\" data-element_type=\"widget\" data-e-type=\"widget\" data-widget_type=\"heading.default\">\n\t\t\t\t<div class=\"elementor-widget-container\">\n\t\t\t\t\t<h3 class=\"elementor-heading-title elementor-size-default\">Moras<\/h3>\t\t\t\t<\/div>\n\t\t\t\t<\/div>\n\t\t\t\t<\/a>\n\t\t<a class=\"elementor-element elementor-element-75b5b91 e-con-full e-flex e-con e-child\" data-id=\"75b5b91\" data-element_type=\"container\" data-e-type=\"container\" data-settings=\"{&quot;jet_parallax_layout_list&quot;:[]}\" href=\"https:\/\/olympicfruit.com\/fruit\/blueberries\/\">\n\t\t\t\t<div class=\"elementor-element elementor-element-dee8f62 e-transform elementor-widget-tablet__width-initial elementor-widget elementor-widget-image\" data-id=\"dee8f62\" data-element_type=\"widget\" data-e-type=\"widget\" data-settings=\"{&quot;_transform_scale_effect_hover&quot;:{&quot;unit&quot;:&quot;px&quot;,&quot;size&quot;:1.1,&quot;sizes&quot;:[]},&quot;_transform_scale_effect_hover_tablet&quot;:{&quot;unit&quot;:&quot;px&quot;,&quot;size&quot;:1.1,&quot;sizes&quot;:[]},&quot;_transform_scale_effect_hover_mobile&quot;:{&quot;unit&quot;:&quot;px&quot;,&quot;size&quot;:&quot;&quot;,&quot;sizes&quot;:[]}}\" data-widget_type=\"image.default\">\n\t\t\t\t<div class=\"elementor-widget-container\">\n\t\t\t\t\t\t\t\t\t\t\t\t\t\t\t<img decoding=\"async\" src=\"https:\/\/olympicfruit.com\/wp-content\/uploads\/2024\/02\/blauwe-bessen.png\" title=\"blauwe bessen\" alt=\"blauwe bessen\" loading=\"lazy\" \/>\t\t\t\t\t\t\t\t\t\t\t\t\t\t\t<\/div>\n\t\t\t\t<\/div>\n\t\t\t\t<div class=\"elementor-element elementor-element-8ea72a4 elementor-widget elementor-widget-heading\" data-id=\"8ea72a4\" data-element_type=\"widget\" data-e-type=\"widget\" data-widget_type=\"heading.default\">\n\t\t\t\t<div class=\"elementor-widget-container\">\n\t\t\t\t\t<h3 class=\"elementor-heading-title elementor-size-default\">ar\u00e1ndanos<\/h3>\t\t\t\t<\/div>\n\t\t\t\t<\/div>\n\t\t\t\t<\/a>\n\t\t\t\t\t<\/div>\n\t\t\t\t<\/div>\n\t\t<div class=\"elementor-element elementor-element-9fac384 e-flex e-con-boxed e-con e-parent\" data-id=\"9fac384\" data-element_type=\"container\" data-e-type=\"container\" data-settings=\"{&quot;background_background&quot;:&quot;classic&quot;,&quot;shape_divider_top&quot;:&quot;arrow&quot;,&quot;jet_parallax_layout_list&quot;:[]}\">\n\t\t\t\t\t<div class=\"e-con-inner\">\n\t\t\t\t<div class=\"elementor-shape elementor-shape-top\" aria-hidden=\"true\" data-negative=\"false\">\n\t\t\t<svg xmlns=\"http:\/\/www.w3.org\/2000\/svg\" viewBox=\"0 0 700 10\" preserveAspectRatio=\"none\">\n\t<path class=\"elementor-shape-fill\" d=\"M350,10L340,0h20L350,10z\"\/>\n<\/svg>\t\t<\/div>\n\t\t\t\t<div class=\"elementor-element elementor-element-0d3f001 elementor-widget__width-initial elementor-widget-mobile__width-inherit elementor-widget elementor-widget-heading\" data-id=\"0d3f001\" data-element_type=\"widget\" data-e-type=\"widget\" data-widget_type=\"heading.default\">\n\t\t\t\t<div class=\"elementor-widget-container\">\n\t\t\t\t\t<h2 class=\"elementor-heading-title elementor-size-default\">'\u00bfTiene alguna pregunta sobre nuestro surtido de frutos rojos?'<\/h2>\t\t\t\t<\/div>\n\t\t\t\t<\/div>\n\t\t\t\t<div class=\"elementor-element elementor-element-d017729 elementor-align-center elementor-mobile-align-center elementor-widget elementor-widget-button\" data-id=\"d017729\" data-element_type=\"widget\" data-e-type=\"widget\" data-widget_type=\"button.default\">\n\t\t\t\t<div class=\"elementor-widget-container\">\n\t\t\t\t\t\t\t\t\t<div class=\"elementor-button-wrapper\">\n\t\t\t\t\t<a class=\"elementor-button elementor-button-link elementor-size-lg\" href=\"https:\/\/olympicfruit.com\/es\/contacto\/\">\n\t\t\t\t\t\t<span class=\"elementor-button-content-wrapper\">\n\t\t\t\t\t\t\t\t\t<span class=\"elementor-button-text\">Ponte en contacto con nosotros<\/span>\n\t\t\t\t\t<\/span>\n\t\t\t\t\t<\/a>\n\t\t\t\t<\/div>\n\t\t\t\t\t\t\t\t<\/div>\n\t\t\t\t<\/div>\n\t\t\t\t\t<\/div>\n\t\t\t\t<\/div>\n\t\t\t\t<\/div>\n\t\t","protected":false},"excerpt":{"rendered":"<p>En los \u00faltimos a\u00f1os, la demanda por berries ha crecido much\u00edsimo. Las fresas y frutillas siguen siendo muy populares, cada vez m\u00e1s fuera de la [&hellip;]<\/p>\n","protected":false},"author":5,"featured_media":11572,"parent":0,"menu_order":0,"comment_status":"closed","ping_status":"closed","template":"","meta":{"site-sidebar-layout":"no-sidebar","site-content-layout":"page-builder","ast-site-content-layout":"full-width-container","site-content-style":"default","site-sidebar-style":"default","ast-global-header-display":"","ast-banner-title-visibility":"","ast-main-header-display":"","ast-hfb-above-header-display":"","ast-hfb-below-header-display":"","ast-hfb-mobile-header-display":"","site-post-title":"disabled","ast-breadcrumbs-content":"","ast-featured-img":"disabled","footer-sml-layout":"","ast-disable-related-posts":"","theme-transparent-header-meta":"default","adv-header-id-meta":"","stick-header-meta":"default","header-above-stick-meta":"","header-main-stick-meta":"","header-below-stick-meta":"","astra-migrate-meta-layouts":"set","ast-page-background-enabled":"default","ast-page-background-meta":{"desktop":{"background-color":"var(--ast-global-color-4)","background-image":"","background-repeat":"repeat","background-position":"center center","background-size":"auto","background-attachment":"scroll","background-type":"","background-media":"","overlay-type":"","overlay-color":"","overlay-opacity":"","overlay-gradient":""},"tablet":{"background-color":"","background-image":"","background-repeat":"repeat","background-position":"center center","background-size":"auto","background-attachment":"scroll","background-type":"","background-media":"","overlay-type":"","overlay-color":"","overlay-opacity":"","overlay-gradient":""},"mobile":{"background-color":"","background-image":"","background-repeat":"repeat","background-position":"center center","background-size":"auto","background-attachment":"scroll","background-type":"","background-media":"","overlay-type":"","overlay-color":"","overlay-opacity":"","overlay-gradient":""}},"ast-content-background-meta":{"desktop":{"background-color":"var(--ast-global-color-5)","background-image":"","background-repeat":"repeat","background-position":"center center","background-size":"auto","background-attachment":"scroll","background-type":"","background-media":"","overlay-type":"","overlay-color":"","overlay-opacity":"","overlay-gradient":""},"tablet":{"background-color":"var(--ast-global-color-5)","background-image":"","background-repeat":"repeat","background-position":"center center","background-size":"auto","background-attachment":"scroll","background-type":"","background-media":"","overlay-type":"","overlay-color":"","overlay-opacity":"","overlay-gradient":""},"mobile":{"background-color":"var(--ast-global-color-5)","background-image":"","background-repeat":"repeat","background-position":"center center","background-size":"auto","background-attachment":"scroll","background-type":"","background-media":"","overlay-type":"","overlay-color":"","overlay-opacity":"","overlay-gradient":""}},"footnotes":""},"class_list":["post-12380","page","type-page","status-publish","has-post-thumbnail","hentry"],"yoast_head":"<!-- This site is optimized with the Yoast SEO plugin v26.8 - https:\/\/yoast.com\/product\/yoast-seo-wordpress\/ -->\n<title>Berries - Olympicfruit Descubra aqu\u00ed nuestra gama de frutos rojos<\/title>\n<meta name=\"description\" content=\"En los \u00faltimos a\u00f1os, en Olympic Fruit cada vez apostamos m\u00e1s por los berries. Nos hemos asociado con productores con los mismos est\u00e1ndares de calidad que nosotros.\" \/>\n<meta name=\"robots\" content=\"index, follow, max-snippet:-1, max-image-preview:large, max-video-preview:-1\" \/>\n<link rel=\"canonical\" href=\"https:\/\/olympicfruit.com\/es\/berries\/\" \/>\n<meta property=\"og:locale\" content=\"es_ES\" \/>\n<meta property=\"og:type\" content=\"article\" \/>\n<meta property=\"og:title\" content=\"Berries - Olympicfruit Descubra aqu\u00ed nuestra gama de frutos rojos\" \/>\n<meta property=\"og:description\" content=\"En los \u00faltimos a\u00f1os, en Olympic Fruit cada vez apostamos m\u00e1s por los berries. Nos hemos asociado con productores con los mismos est\u00e1ndares de calidad que nosotros.\" \/>\n<meta property=\"og:url\" content=\"https:\/\/olympicfruit.com\/es\/berries\/\" \/>\n<meta property=\"og:site_name\" content=\"Olympicfruit\" \/>\n<meta property=\"article:modified_time\" content=\"2024-06-12T08:20:35+00:00\" \/>\n<meta property=\"og:image\" content=\"https:\/\/olympicfruit.com\/wp-content\/uploads\/2024\/02\/Soft-fruit-Olympic-Fruit.jpg\" \/>\n\t<meta property=\"og:image:width\" content=\"1921\" \/>\n\t<meta property=\"og:image:height\" content=\"1174\" \/>\n\t<meta property=\"og:image:type\" content=\"image\/jpeg\" \/>\n<meta name=\"twitter:card\" content=\"summary_large_image\" \/>\n<meta name=\"twitter:label1\" content=\"Tiempo de lectura\" \/>\n\t<meta name=\"twitter:data1\" content=\"2 minutos\" \/>\n<script type=\"application\/ld+json\" class=\"yoast-schema-graph\">{\"@context\":\"https:\/\/schema.org\",\"@graph\":[{\"@type\":\"WebPage\",\"@id\":\"https:\/\/olympicfruit.com\/es\/berries\/\",\"url\":\"https:\/\/olympicfruit.com\/es\/berries\/\",\"name\":\"Berries - Olympicfruit Descubra aqu\u00ed nuestra gama de frutos rojos\",\"isPartOf\":{\"@id\":\"https:\/\/olympicfruit.com\/#website\"},\"primaryImageOfPage\":{\"@id\":\"https:\/\/olympicfruit.com\/es\/berries\/#primaryimage\"},\"image\":{\"@id\":\"https:\/\/olympicfruit.com\/es\/berries\/#primaryimage\"},\"thumbnailUrl\":\"https:\/\/olympicfruit.com\/wp-content\/uploads\/2024\/02\/Soft-fruit-Olympic-Fruit.jpg\",\"datePublished\":\"2024-03-29T13:08:47+00:00\",\"dateModified\":\"2024-06-12T08:20:35+00:00\",\"description\":\"En los \u00faltimos a\u00f1os, en Olympic Fruit cada vez apostamos m\u00e1s por los berries. Nos hemos asociado con productores con los mismos est\u00e1ndares de calidad que nosotros.\",\"breadcrumb\":{\"@id\":\"https:\/\/olympicfruit.com\/es\/berries\/#breadcrumb\"},\"inLanguage\":\"es\",\"potentialAction\":[{\"@type\":\"ReadAction\",\"target\":[\"https:\/\/olympicfruit.com\/es\/berries\/\"]}]},{\"@type\":\"ImageObject\",\"inLanguage\":\"es\",\"@id\":\"https:\/\/olympicfruit.com\/es\/berries\/#primaryimage\",\"url\":\"https:\/\/olympicfruit.com\/wp-content\/uploads\/2024\/02\/Soft-fruit-Olympic-Fruit.jpg\",\"contentUrl\":\"https:\/\/olympicfruit.com\/wp-content\/uploads\/2024\/02\/Soft-fruit-Olympic-Fruit.jpg\",\"width\":1921,\"height\":1174},{\"@type\":\"BreadcrumbList\",\"@id\":\"https:\/\/olympicfruit.com\/es\/berries\/#breadcrumb\",\"itemListElement\":[{\"@type\":\"ListItem\",\"position\":1,\"name\":\"Home\",\"item\":\"https:\/\/olympicfruit.com\/\"},{\"@type\":\"ListItem\",\"position\":2,\"name\":\"Berries\"}]},{\"@type\":\"WebSite\",\"@id\":\"https:\/\/olympicfruit.com\/#website\",\"url\":\"https:\/\/olympicfruit.com\/\",\"name\":\"Olympicfruit\",\"description\":\"olympicfruit\",\"publisher\":{\"@id\":\"https:\/\/olympicfruit.com\/#organization\"},\"potentialAction\":[{\"@type\":\"SearchAction\",\"target\":{\"@type\":\"EntryPoint\",\"urlTemplate\":\"https:\/\/olympicfruit.com\/?s={search_term_string}\"},\"query-input\":{\"@type\":\"PropertyValueSpecification\",\"valueRequired\":true,\"valueName\":\"search_term_string\"}}],\"inLanguage\":\"es\"},{\"@type\":\"Organization\",\"@id\":\"https:\/\/olympicfruit.com\/#organization\",\"name\":\"Olympicfruit\",\"url\":\"https:\/\/olympicfruit.com\/\",\"logo\":{\"@type\":\"ImageObject\",\"inLanguage\":\"es\",\"@id\":\"https:\/\/olympicfruit.com\/#\/schema\/logo\/image\/\",\"url\":\"https:\/\/olympicfruit.com\/wp-content\/uploads\/2026\/01\/logo-2.png\",\"contentUrl\":\"https:\/\/olympicfruit.com\/wp-content\/uploads\/2026\/01\/logo-2.png\",\"width\":189,\"height\":164,\"caption\":\"Olympicfruit\"},\"image\":{\"@id\":\"https:\/\/olympicfruit.com\/#\/schema\/logo\/image\/\"}}]}<\/script>\n<!-- \/ Yoast SEO plugin. -->","yoast_head_json":{"title":"Berries - Olympicfruit Descubra aqu\u00ed nuestra gama de frutos rojos","description":"En los \u00faltimos a\u00f1os, en Olympic Fruit cada vez apostamos m\u00e1s por los berries. Nos hemos asociado con productores con los mismos est\u00e1ndares de calidad que nosotros.","robots":{"index":"index","follow":"follow","max-snippet":"max-snippet:-1","max-image-preview":"max-image-preview:large","max-video-preview":"max-video-preview:-1"},"canonical":"https:\/\/olympicfruit.com\/es\/berries\/","og_locale":"es_ES","og_type":"article","og_title":"Berries - Olympicfruit Descubra aqu\u00ed nuestra gama de frutos rojos","og_description":"En los \u00faltimos a\u00f1os, en Olympic Fruit cada vez apostamos m\u00e1s por los berries. Nos hemos asociado con productores con los mismos est\u00e1ndares de calidad que nosotros.","og_url":"https:\/\/olympicfruit.com\/es\/berries\/","og_site_name":"Olympicfruit","article_modified_time":"2024-06-12T08:20:35+00:00","og_image":[{"width":1921,"height":1174,"url":"https:\/\/olympicfruit.com\/wp-content\/uploads\/2024\/02\/Soft-fruit-Olympic-Fruit.jpg","type":"image\/jpeg"}],"twitter_card":"summary_large_image","twitter_misc":{"Tiempo de lectura":"2 minutos"},"schema":{"@context":"https:\/\/schema.org","@graph":[{"@type":"WebPage","@id":"https:\/\/olympicfruit.com\/es\/berries\/","url":"https:\/\/olympicfruit.com\/es\/berries\/","name":"Berries - Olympicfruit Descubra aqu\u00ed nuestra gama de frutos rojos","isPartOf":{"@id":"https:\/\/olympicfruit.com\/#website"},"primaryImageOfPage":{"@id":"https:\/\/olympicfruit.com\/es\/berries\/#primaryimage"},"image":{"@id":"https:\/\/olympicfruit.com\/es\/berries\/#primaryimage"},"thumbnailUrl":"https:\/\/olympicfruit.com\/wp-content\/uploads\/2024\/02\/Soft-fruit-Olympic-Fruit.jpg","datePublished":"2024-03-29T13:08:47+00:00","dateModified":"2024-06-12T08:20:35+00:00","description":"En los \u00faltimos a\u00f1os, en Olympic Fruit cada vez apostamos m\u00e1s por los berries. Nos hemos asociado con productores con los mismos est\u00e1ndares de calidad que nosotros.","breadcrumb":{"@id":"https:\/\/olympicfruit.com\/es\/berries\/#breadcrumb"},"inLanguage":"es","potentialAction":[{"@type":"ReadAction","target":["https:\/\/olympicfruit.com\/es\/berries\/"]}]},{"@type":"ImageObject","inLanguage":"es","@id":"https:\/\/olympicfruit.com\/es\/berries\/#primaryimage","url":"https:\/\/olympicfruit.com\/wp-content\/uploads\/2024\/02\/Soft-fruit-Olympic-Fruit.jpg","contentUrl":"https:\/\/olympicfruit.com\/wp-content\/uploads\/2024\/02\/Soft-fruit-Olympic-Fruit.jpg","width":1921,"height":1174},{"@type":"BreadcrumbList","@id":"https:\/\/olympicfruit.com\/es\/berries\/#breadcrumb","itemListElement":[{"@type":"ListItem","position":1,"name":"Home","item":"https:\/\/olympicfruit.com\/"},{"@type":"ListItem","position":2,"name":"Berries"}]},{"@type":"WebSite","@id":"https:\/\/olympicfruit.com\/#website","url":"https:\/\/olympicfruit.com\/","name":"Olympicfruit","description":"olympicfruit","publisher":{"@id":"https:\/\/olympicfruit.com\/#organization"},"potentialAction":[{"@type":"SearchAction","target":{"@type":"EntryPoint","urlTemplate":"https:\/\/olympicfruit.com\/?s={search_term_string}"},"query-input":{"@type":"PropertyValueSpecification","valueRequired":true,"valueName":"search_term_string"}}],"inLanguage":"es"},{"@type":"Organization","@id":"https:\/\/olympicfruit.com\/#organization","name":"Olympicfruit","url":"https:\/\/olympicfruit.com\/","logo":{"@type":"ImageObject","inLanguage":"es","@id":"https:\/\/olympicfruit.com\/#\/schema\/logo\/image\/","url":"https:\/\/olympicfruit.com\/wp-content\/uploads\/2026\/01\/logo-2.png","contentUrl":"https:\/\/olympicfruit.com\/wp-content\/uploads\/2026\/01\/logo-2.png","width":189,"height":164,"caption":"Olympicfruit"},"image":{"@id":"https:\/\/olympicfruit.com\/#\/schema\/logo\/image\/"}}]}},"_links":{"self":[{"href":"https:\/\/olympicfruit.com\/es\/wp-json\/wp\/v2\/pages\/12380","targetHints":{"allow":["GET"]}}],"collection":[{"href":"https:\/\/olympicfruit.com\/es\/wp-json\/wp\/v2\/pages"}],"about":[{"href":"https:\/\/olympicfruit.com\/es\/wp-json\/wp\/v2\/types\/page"}],"author":[{"embeddable":true,"href":"https:\/\/olympicfruit.com\/es\/wp-json\/wp\/v2\/users\/5"}],"replies":[{"embeddable":true,"href":"https:\/\/olympicfruit.com\/es\/wp-json\/wp\/v2\/comments?post=12380"}],"version-history":[{"count":0,"href":"https:\/\/olympicfruit.com\/es\/wp-json\/wp\/v2\/pages\/12380\/revisions"}],"wp:featuredmedia":[{"embeddable":true,"href":"https:\/\/olympicfruit.com\/es\/wp-json\/wp\/v2\/media\/11572"}],"wp:attachment":[{"href":"https:\/\/olympicfruit.com\/es\/wp-json\/wp\/v2\/media?parent=12380"}],"curies":[{"name":"wp","href":"https:\/\/api.w.org\/{rel}","templated":true}]}}